{"id":509,"date":"2021-07-05T17:03:42","date_gmt":"2021-07-05T15:03:42","guid":{"rendered":"http:\/\/www.uwg-bockhorn.de\/cms\/?page_id=509"},"modified":"2025-05-27T09:46:55","modified_gmt":"2025-05-27T07:46:55","slug":"unsere-ziele-2021-2026","status":"publish","type":"page","link":"https:\/\/www.uwg-bockhorn.de\/cms\/unsere-ziele-2021-2026","title":{"rendered":"Wahlprogramm der UWG 2021"},"content":{"rendered":"\n<p><strong> <\/strong><\/p>\n\n\n\n<p class=\"has-text-align-center has-large-font-size\"><strong>Wahlprogramm der UWG 2021<\/strong><\/p>\n\n\n\n<p class=\"has-text-align-left\" style=\"font-size:25px\"><strong>B\u00fcrgernahe Politik &#8211;<\/strong> <strong>B\u00fcrgerbeteiligung<\/strong><\/p>\n\n\n\n<p class=\"has-medium-font-size\"><strong>Die UWG unterst\u00fctzt es ausdr\u00fccklich, dass B\u00fcrger ihre Anregungen eingeben k\u00f6nnen<\/strong> <strong>und dass sich die entsprechenden Gremien mit den Anliegen auch befassen.<\/strong><\/p>\n\n\n\n<p class=\"has-medium-font-size\"><strong>Teilhabe am kommunalpolitischen Geschehen in unserer Gemeinde setzt<\/strong> <strong>Transparenz statt Geheimniskr\u00e4merei voraus. Daher finden alle gesetzlichen<\/strong> <strong>Verfahren der B\u00fcrgerbeteiligung, der B\u00fcrgerbefragung und des B\u00fcrgerentscheids<\/strong> <strong>unsere grunds\u00e4tzliche Unterst\u00fctzung.<\/strong><\/p>\n\n\n\n<p class=\"has-medium-font-size\"><strong>Die UWG ermutigt Menschen dazu, sich ins gesellschaftliche Leben einzubringen und pflegt den Kontakt zu B\u00fcrgerinitiativen.<\/strong><\/p>\n\n\n\n<p class=\"has-medium-font-size\"><strong>Wir unterst\u00fctzen B\u00fcrgertreffen mit Entscheidungstr\u00e4gern und begr\u00fc\u00dfen Ortsbegehungen.<\/strong><\/p>\n\n\n\n<p class=\"has-medium-font-size\"><strong>Wir fordern, dass die B\u00fcrger in den Aussch\u00fcssen ausreichend Zeit erhalten, um ihre Anliegen vorzutragen.<\/strong><\/p>\n\n\n\n<p class=\"has-medium-font-size\"><strong>  <\/strong><\/p>\n\n\n\n<p style=\"font-size:25px\"><strong>Bildung<\/strong><\/p>\n\n\n\n<p class=\"has-text-align-center has-medium-font-size\"><strong>Kindertagesst\u00e4tten &#8211; Schulen<\/strong><\/p>\n\n\n\n<p class=\"has-medium-font-size\"><strong>Die Kindertagesst\u00e4tten und Grundschulen sind ein fr\u00fchkindlicher Lebensraum. Die UWG setzt sich auch k\u00fcnftig f\u00fcr deren Ausbau ein.<\/strong><\/p>\n\n\n\n<p class=\"has-medium-font-size\"><strong>Die UWG fordert daher, dass qualifiziertes Personal eingesetzt und eine gute Umgebung unter Einbeziehung der W\u00fcnsche von Eltern und Kindern geschaffen wird. Auch achtet die UWG darauf, dass Standards wie Gruppengr\u00f6\u00dfen und Personalst\u00e4rke weiter verbessert werden. Die UWG fordert eine st\u00e4rkere finanzielle Unterst\u00fctzung durch Landkreis und Land.<\/strong><\/p>\n\n\n\n<p class=\"has-medium-font-size\"><strong>Die UWG pl\u00e4diert f\u00fcr einen guten r\u00e4umlichen, technischen und bedarfsgerechten Ausbau der Einrichtung. Ebenso ist es uns wichtig, dass die \u00d6ffnungszeiten, insbesondere in den Randzeiten, die den Alleinerziehenden ihre Berufsaus\u00fcbung erm\u00f6glichen bzw. erleichtern, vern\u00fcnftig angepasst werden.<\/strong><\/p>\n\n\n\n<p class=\"has-medium-font-size\"><strong>Unsere Grundschulen stehen vor gro\u00dfen gesellschaftlichen Herausforderungen. Der Bedarf der Sch\u00fcler in einer Klasse ist vielf\u00e4ltig, er reicht von inklusiver Beschulung \u00fcber Integration bis zur Begabungsf\u00f6rderung.<\/strong><\/p>\n\n\n\n<p class=\"has-medium-font-size\"><strong>Um diesen Herausforderungen gerecht zu werden, fordert die UWG eine angemessene Raumausstattung mit modernen Lehr- und Lernmitteln f\u00fcr ein zeitgem\u00e4\u00dfes Lernen in angemessener Umgebung.<\/strong><\/p>\n\n\n\n<p class=\"has-medium-font-size\"><strong>Erforderlich ist ebenso eine Unterst\u00fctzung der Grundschulen in technischer und finanzieller Hinsicht.<\/strong><\/p>\n\n\n\n<p class=\"has-medium-font-size\"><strong>Die UWG fordert daher einen Schulassistenten zur Unterst\u00fctzung in technischer Hinsicht f\u00fcr die Grundschulen.<\/strong><\/p>\n\n\n\n<p><\/p>\n\n\n\n<p style=\"font-size:25px\"><strong>Digitalisierung<\/strong><\/p>\n\n\n\n<p class=\"has-medium-font-size\"><strong>Die Corona-Krise offenbart derzeit ein wesentliches Defizit: die r\u00fcckst\u00e4ndige <\/strong><strong>Digitalisierung in den Schulen. Hier muss grunds\u00e4tzlich und schnell gehandelt werden. <\/strong><em><strong>Z<\/strong><\/em><strong>um einen geht es darum, den Schulen eine zeitgem\u00e4\u00dfe Internetanbindung zu gew\u00e4hrleisten, zum anderen, dass insbesondere die M\u00f6glichkeiten f\u00fcr Sch\u00fcler*innen ausgeweitet werden m\u00fcssen, um auf digitale Inhalte zugreifen und mit diesen arbeiten zu k\u00f6nnen.<\/strong><\/p>\n\n\n\n<p class=\"has-medium-font-size\"><strong>Das Antragsverfahren und die Verantwortung daf\u00fcr darf allerdings nicht auf die Schulen \u201eabgew\u00e4lzt\u201c werden. Daher fordert die UWG eine schnelle und einfache Realisierung der Medienentwicklung. Es bedarf zudem einer Koordination f\u00fcr die technischen und finanziellen Fragestellungen, um die Schulleitungen zu entlasten.<\/strong><\/p>\n\n\n\n<p class=\"has-medium-font-size\"><strong>Die UWG setzt sich daf\u00fcr ein, dass die technische Betreuung durch einen Schulassistenten erfolgt und die finanziellen Mittel von der Gemeinde zur Verf\u00fcgung gestellt werden.<\/strong><\/p>\n\n\n\n<p class=\"has-medium-font-size\"><strong>Die UWG fordert, dass auch in den kommunalen Verwaltungen die Digitalisierung vorangetrieben wird. <\/strong><\/p>\n\n\n\n<p style=\"font-size:25px\"><strong>Generationen<\/strong><\/p>\n\n\n\n<p class=\"has-medium-font-size\"><strong>Die UWG macht Politik f\u00fcr jung und alt.<\/strong><\/p>\n\n\n\n<p class=\"has-medium-font-size\"><strong>Es gilt, die Jugendarbeit der verschiedenen Institutionen (Kirchen, Vereine, Gemeinde etc.) qualifiziert zu erweitern und zu f\u00f6rdern.<\/strong><\/p>\n\n\n\n<p class=\"has-medium-font-size\"><strong>Die UWG stellt sich ein Gemeindejugendforum vor, welches die W\u00fcnsche und Interessen der Jugendlichen an die Politik herantr\u00e4gt. Anschlie\u00dfend ist die Politik gefordert f\u00fcr deren Umsetzung zu sorgen.<\/strong><\/p>\n\n\n\n<p class=\"has-medium-font-size\"><strong>\u00c4ltere Menschen sind heute aktiver als fr\u00fchere Generationen. Sie wollen ihr Leben m\u00f6glichst lange in gewohnter Weise, vertrauter Umgebung und selbstbestimmt f\u00fchren. Es ist ein klares Anliegen, dass \u00e4ltere Menschen ihren Platz in der Mitte unserer Gemeinde behalten. Deshalb setzt sich die UWG daf\u00fcr ein, dass die \u00e4lteren Mitb\u00fcrger m\u00f6glichst lange in ihren eigenen vier W\u00e4nden leben k\u00f6nnen und aktiv an unserem Gemeindeleben teilnehmen.<\/strong><\/p>\n\n\n\n<p style=\"font-size:25px\"><strong>Wohnen<\/strong><\/p>\n\n\n\n<p class=\"has-medium-font-size\"><strong>Familien- und generationenfreundliches Wohnen ist ein wichtiger Standortfaktor einer lebenswerten Gemeinde. Ein Wohnungsangebot f\u00fcr ein wachsendes Bewohnerspektrum ist f\u00fcr Bockhorns Gemeindeentwicklung von gro\u00dfer Bedeutung.<\/strong><\/p>\n\n\n\n<p class=\"has-medium-font-size\"><strong>Die UWG setzt sich daf\u00fcr ein, dass die Infrastruktur schon heute auf die Belange von morgen ausgerichtet wird.<\/strong><\/p>\n\n\n\n<p class=\"has-medium-font-size\"><strong>Die UWG unterst\u00fctzt individuelle Wohnl\u00f6sungen f\u00fcr \u00e4ltere Menschen, Familien sowie Einzelpersonen und begr\u00fc\u00dft und begleitet daher sinnvolle Wohnungsbauvorhaben, die mit Augenma\u00df konzipiert werden.<\/strong><\/p>\n\n\n\n<p class=\"has-medium-font-size\"><strong>Wohnen muss bezahlbar bleiben!<\/strong><\/p>\n\n\n\n<p style=\"font-size:25px\"><strong>Wirtschaft<\/strong><\/p>\n\n\n\n<p class=\"has-medium-font-size\"><strong>Die Wirtschaftsf\u00f6rderung hat f\u00fcr uns h\u00f6chste Priorit\u00e4t. Die UWG achtet darauf, dass Gewerbetreibende und Handel sich in der Gemeinde gut aufgehoben f\u00fchlen.<\/strong><\/p>\n\n\n\n<p class=\"has-medium-font-size\"><strong>Der Bestandspflege widmen wir gro\u00dfe Aufmerksamkeit.<\/strong><\/p>\n\n\n\n<p class=\"has-medium-font-size\"><strong>Wir begr\u00fc\u00dfen eine verst\u00e4rkte Erschlie\u00dfung von Gewerbefl\u00e4chen.<\/strong><\/p>\n\n\n\n<p class=\"has-medium-font-size\"><strong>Niemand, auch nicht die UWG, kann derzeit vorhersagen, wie sich unsere Volkswirtschaft entwickeln wird und wie sich das auf unsere Unternehmen in Bockhorn auswirken wird.<\/strong><\/p>\n\n\n\n<p class=\"has-medium-font-size\"><strong>Besonders das Gastro- und Hotelgewerbe wird massiv unter den Folgen der Corona-Pandemie leiden. Zum Erhalt des hiesigen Angebots wird die UWG alle Bem\u00fchungen der Gemeindeverwaltung zur Abfederung der Folgen ausdr\u00fccklich unterst\u00fctzen.<\/strong><\/p>\n\n\n\n<p class=\"has-medium-font-size\"><strong>Die UWG wird sich daf\u00fcr einsetzen, dass weitere Neuansiedlungen von Gewerbebetrieben und weitere Arbeitspl\u00e4tze angeboten werden.<\/strong><\/p>\n\n\n\n<p style=\"font-size:25px\">I<strong>nvestitionen<\/strong><\/p>\n\n\n\n<p class=\"has-medium-font-size\"><strong>Die f\u00fcr Bockhorn geplanten Investitionen in den Jahren 2021 ff. sind unbedingt zu      realisieren. Bei den geplanten Projekten (Kindergarten, Sportanlage, Wohnungsbau, Sanierung von Stra\u00dfen) gewinnt wegen der H\u00f6he der Investitionen das Baukosten- und Bauzeitencontrolling an Bedeutung.<\/strong><\/p>\n\n\n\n<p class=\"has-medium-font-size\"><strong>Bau- und Materialkosten steigen zur Zeit \u00fcberproportional.<\/strong><\/p>\n\n\n\n<p class=\"has-medium-font-size\"><strong>Die Kalkulationsbausteine sind vor Baubeginn und w\u00e4hrend der Bauphase einer st\u00e4ndigen \u00dcberpr\u00fcfung zu unterziehen.<\/strong><\/p>\n\n\n\n<p style=\"font-size:25px\"><strong>Finanzen<\/strong><\/p>\n\n\n\n<p class=\"has-medium-font-size\"><strong>Wir werden in den kommenden Jahren insbesondere folgende Aspekte des Haushalts bzw. des Finanzgeschehens auch unter den Auswirkungen der Corona-Pandemie im Blick behalten:<\/strong><\/p>\n\n\n\n<p class=\"has-medium-font-size\"><strong>Die Verwaltung und der B\u00fcrgermeister werden gebeten, in \u00dcbereinstimmung mit den Forderungen des St\u00e4dte- und Gemeindebundes, die berechtigten Forderungen der Kommunen nach direkten Hilfen von Bund und Land zu unterst\u00fctzen, um so insbesondere die Liquidit\u00e4t und Handlungsf\u00e4higkeit unserer Gemeinde zu sichern.<\/strong><\/p>\n\n\n\n<p class=\"has-medium-font-size\"><strong>Die Einnahmen aus Gewerbesteuer, Anteil an der Einkommensteuer sowie der Grundsteuer sind wichtige kommunale Einnahmepositionen der Gemeinde. Es sind auch in Bockhorn finanzielle Ausf\u00e4lle zu erwarten. Das macht einen \u201eCorona-Rettungsschirm\u201c durch Bund und Land f\u00fcr die Kommunen notwendig.<\/strong><\/p>\n\n\n\n<p class=\"has-medium-font-size\"><strong>Die UWG will auch nach 50 Jahren Arbeit im Rat der Gemeinde Bockhorn weiterhin f\u00fcr eine h\u00f6chstm\u00f6gliche Transparenz im Geb\u00fchren- und Beitragswesen sorgen. Die Digitalisierung in den Verwaltungsstrukturen und \u2013abl\u00e4ufen ist verst\u00e4rkt in den Blick zu nehmen.<\/strong><\/p>\n\n\n\n<p style=\"font-size:25px\"><strong>Verkehr<\/strong><\/p>\n\n\n\n<p class=\"has-medium-font-size\"><strong>Immer mehr Fahrzeuge fahren auf Bockhorner Stra\u00dfen. Die Belastungen durch L\u00e4rm und Emissionen steigen. Die Sicherheit der schw\u00e4cheren Verkehrsteilnehmer, Kinder und Senioren, Radfahrer und Fu\u00dfg\u00e4nger ist der UWG wichtig. Verkehrssicherheit zum Schutz der Schw\u00e4cheren wird deshalb immer wichtiger.<\/strong><\/p>\n\n\n\n<p class=\"has-medium-font-size\"><strong>Die starke Abnutzung von Verkehrswegen nimmt besonders durch immer schwerer werdende Fahrzeuge enorm zu.<\/strong><\/p>\n\n\n\n<p class=\"has-medium-font-size\"><strong>Die UWG setzt sich daf\u00fcr ein, dass die Gemeinde f\u00fcr den Ausbau und die Erhaltung seines Stra\u00dfennetzes finanziell st\u00e4rker vom Landkreis, Land und vom Bund unterst\u00fctzt wird.<\/strong><\/p>\n\n\n\n<p class=\"has-medium-font-size\"><strong>Mobilit\u00e4t der Zukunft ist ein bestm\u00f6glicher Mix der verschiedenen Verkehrstr\u00e4ger, die alle ihre Berechtigung haben.<\/strong><\/p>\n\n\n\n<p class=\"has-medium-font-size\"><strong>Ein konsequenter Ausbau des \u00f6ffentlichen Personennahverkehrs mit besserer Taktung und mehr Barrierefreiheit liegt der UWG genauso am Herzen wie gut ausgebaute und sichere Radwege.<\/strong><\/p>\n\n\n\n<p style=\"font-size:25px\"><strong>Sport und Ehrenamt<\/strong> <strong>(Vereine, Verb\u00e4nde und Organisationen)<\/strong><\/p>\n\n\n\n<p style=\"font-size:25px\"><strong>Sport<\/strong><\/p>\n\n\n\n<p class=\"has-medium-font-size\"><strong>Sport ist ein wichtiges Mittel zum Erhalt und zur F\u00f6rderung der Gesundheit und weiterhin Tr\u00e4ger gesellschaftlichen Lebens.<\/strong><\/p>\n\n\n\n<p class=\"has-medium-font-size\"><strong>Das Angebot unserer Vereine ist vielf\u00e4ltig.<\/strong><\/p>\n\n\n\n<p class=\"has-medium-font-size\"><strong>Hier will die UWG Anstrengungen zur Ausweitung des Angebotes und die Sicherung und Verbesserung der Sportanlagen fortsetzen, um die Grundlagen f\u00fcr Schulsport, Vereinssport und andere Aktivit\u00e4ten zu verbessern.<\/strong><\/p>\n\n\n\n<p style=\"font-size:25px\"><strong>Ehrenamt<\/strong><\/p>\n\n\n\n<p class=\"has-medium-font-size\"><strong>Die UWG unterst\u00fctzt ausdr\u00fccklich die Ehrenamtscard unserer Gemeinde.<\/strong><\/p>\n\n\n\n<p class=\"has-medium-font-size\"><strong>Unsere Vereine, Verb\u00e4nde und Organisationen nehmen in Bockhorn zentrale Aufgaben \u00fcberwiegend mit ehrenamtlich t\u00e4tigen Menschen wahr \u2013 ob im Bereich des Sports, in den Sozialverb\u00e4nden, Feuerwehr, Kirchen, Schulen, der Musik, im Kinder- und Jugendbereich oder im Naturschutz und der Brauchtumspflege.<\/strong><\/p>\n\n\n\n<p class=\"has-medium-font-size\"><strong>Die UWG macht sich auch weiterhin daf\u00fcr stark, dass das Engagement der Vereine mehr \u00d6ffentlichkeit und das Ehrenamt mehr Anerkennung, Respekt und eine Aufwertung erh\u00e4lt.<\/strong><\/p>\n\n\n\n<p style=\"font-size:25px\"><strong>Umwelt und Nachhaltigkeit<\/strong><\/p>\n\n\n\n<p class=\"has-medium-font-size\"><strong>Die Natur als Lebensgrundlage muss erhalten werden.<\/strong><\/p>\n\n\n\n<p class=\"has-medium-font-size\"><strong>Daher spricht sich die UWG f\u00fcr den Fortbestand und f\u00fcr die Weiterentwicklung von Naturr\u00e4umen (Biosph\u00e4ren) und Biotopen sowie f\u00fcr einen nachhaltig bewirtschafteten Wasserhaushalt aus.<\/strong><\/p>\n\n\n\n<p class=\"has-medium-font-size\"><strong>Es gilt, unsere Umwelt zu sch\u00fctzen und zu erhalten und das Bewusstsein eines jeden Einzelnen daf\u00fcr zu st\u00e4rken.<\/strong><\/p>\n\n\n\n<p class=\"has-medium-font-size\"><strong>Wir w\u00fcnschen uns eine konsequente Einhaltung des Baumschutzes.<\/strong><\/p>\n\n\n\n<p class=\"has-medium-font-size\"><strong>Neu- und Ausgleichspflanzungen m\u00fcssen im direkten Umfeld von Bauma\u00dfnahmen vorgenommen werden.<\/strong><\/p>\n\n\n\n<p class=\"has-medium-font-size\"><strong>Die UWG steht f\u00fcr die Weiterentwicklung der erneuerbaren Energien (Windkraft, Photovoltaik etc.)<\/strong><\/p>\n\n\n\n<p class=\"has-medium-font-size\"><strong>Sie setzt sich auch weiterhin daf\u00fcr ein, den Ausbau der Windenergie im Norden unserer Gemeinde zu belassen.<\/strong><\/p>\n\n\n\n<p class=\"has-medium-font-size\"><strong>Das Repowering der bestehenden Windkraftanlagen ist auch zuk\u00fcnftig ein wichtiges Ziel.<\/strong><\/p>\n\n\n\n<p class=\"has-medium-font-size\"><strong>Die UWG fordert deshalb keinen weiteren Ausbau der Windenergie im S\u00fcden unserer Gemeinde.<\/strong><\/p>\n\n\n\n<p style=\"font-size:25px\"><strong>Sicherheit und Ordnung<\/strong><\/p>\n\n\n\n<div class=\"wp-block-group\"><div class=\"wp-block-group__inner-container is-layout-flow\">\n<p class=\"has-text-align-left has-medium-font-size\"><strong>Das Bed\u00fcrfnis nach Sicherheit, Ordnung und Sauberkeit z\u00e4hlt zu den menschlichen Grundbed\u00fcrfnissen und ist f\u00fcr unser aller Wohlbefinden von sehr gro\u00dfer Bedeutung.<\/strong><\/p>\n\n\n\n<p class=\"has-text-align-left has-medium-font-size\"><strong>Wir wollen gemeinsam darauf achten, dass der \u00f6ffentliche Raum \u00fcbersichtlich bleibt und dass eine effektivere und effizientere Ausleuchtung von Pl\u00e4tzen, Stra\u00dfen und Einm\u00fcndungen erfolgt. Sparma\u00dfnahmen bei der Stra\u00dfenbeleuchtung werden daher von uns abgelehnt.<\/strong><\/p>\n\n\n\n<p class=\"has-text-align-left has-medium-font-size\"><strong>Die Pr\u00e4senz der Polizei in Bockhorn  muss verbessert werden.<\/strong><\/p>\n\n\n\n<p class=\"has-text-align-left has-medium-font-size\"><strong>Die UWG fordert f\u00fcr alle Abfallbeh\u00e4lter an vorhandenen Ruheb\u00e4nken in unserer Gemeinde, dass diese entsprechend \u00f6fter geleert werden und nach Bedarf Neuaufstellungen realisiert werden.<\/strong><\/p>\n<\/div><\/div>\n\n\n\n<p><\/p>\n","protected":false},"excerpt":{"rendered":"<p>Wahlprogramm der UWG 2021 B\u00fcrgernahe Politik &#8211; B\u00fcrgerbeteiligung Die UWG unterst\u00fctzt es ausdr\u00fccklich, dass B\u00fcrger ihre Anregungen eingeben k\u00f6nnen und dass sich die entsprechenden Gremien mit den Anliegen auch befassen. Teilhabe am kommunalpolitischen Geschehen in unserer Gemeinde setzt Transparenz statt Geheimniskr\u00e4merei voraus. Daher finden alle gesetzlichen Verfahren der B\u00fcrgerbeteiligung, der B\u00fcrgerbefragung und des B\u00fcrgerentscheids unsere [&hellip;]<\/p>\n","protected":false},"author":2,"featured_media":0,"parent":0,"menu_order":0,"comment_status":"closed","ping_status":"closed","template":"","meta":[],"_links":{"self":[{"href":"https:\/\/www.uwg-bockhorn.de\/cms\/wp-json\/wp\/v2\/pages\/509"}],"collection":[{"href":"https:\/\/www.uwg-bockhorn.de\/cms\/wp-json\/wp\/v2\/pages"}],"about":[{"href":"https:\/\/www.uwg-bockhorn.de\/cms\/wp-json\/wp\/v2\/types\/page"}],"author":[{"embeddable":true,"href":"https:\/\/www.uwg-bockhorn.de\/cms\/wp-json\/wp\/v2\/users\/2"}],"replies":[{"embeddable":true,"href":"https:\/\/www.uwg-bockhorn.de\/cms\/wp-json\/wp\/v2\/comments?post=509"}],"version-history":[{"count":17,"href":"https:\/\/www.uwg-bockhorn.de\/cms\/wp-json\/wp\/v2\/pages\/509\/revisions"}],"predecessor-version":[{"id":563,"href":"https:\/\/www.uwg-bockhorn.de\/cms\/wp-json\/wp\/v2\/pages\/509\/revisions\/563"}],"wp:attachment":[{"href":"https:\/\/www.uwg-bockhorn.de\/cms\/wp-json\/wp\/v2\/media?parent=509"}],"curies":[{"name":"wp","href":"https:\/\/api.w.org\/{rel}","templated":true}]}}