{"id":472,"date":"2021-06-14T16:44:52","date_gmt":"2021-06-14T14:44:52","guid":{"rendered":"http:\/\/www.uwg-bockhorn.de\/cms\/?page_id=472"},"modified":"2021-11-10T09:38:02","modified_gmt":"2021-11-10T07:38:02","slug":"wahlprogramm-2021","status":"publish","type":"page","link":"https:\/\/www.uwg-bockhorn.de\/cms\/wahlprogramm-2021","title":{"rendered":"Unsere Ziele 2021 &#8211; 2026"},"content":{"rendered":"\n<p class=\"has-text-align-center\" style=\"font-size:52px\"><\/p>\n\n\n\n<p> <\/p>\n\n\n\n<p class=\"has-text-align-center\" style=\"font-size:52px\"><strong>UWG Bockhorn<\/strong><\/p>\n\n\n\n<p class=\"has-text-align-center\" style=\"font-size:25px\"><\/p>\n\n\n\n<p class=\"has-medium-font-size\"><strong>Wir wollen mit unseren Ideen und Vorstellungen die Gemeinschaft aller B\u00fcrgerinnen und B\u00fcrger st\u00e4rken.<\/strong><\/p>\n\n\n\n<p class=\"has-medium-font-size\"><strong>Unser Angebot, mit Ihnen zusammen unsere Gemeinde als liebens- und lebenswertes Zentrum weiter zu entwickeln.<\/strong><\/p>\n\n\n\n<p class=\"has-medium-font-size\"><strong>Alles ist umspannt von unserem Motto, das uns seit f\u00fcnf Jahrzehnten verbindet:<\/strong><\/p>\n\n\n\n<p class=\"has-text-align-center has-medium-font-size\">\u201e<strong>Keine Politik unter Ausschluss der \u00d6ffentlichkeit!<\/strong><\/p>\n\n\n\n<p class=\"has-text-align-center has-medium-font-size\"><strong>Wir arbeiten f\u00fcr den Ort, nicht f\u00fcr die Partei!\u201c<\/strong><\/p>\n\n\n\n<p><\/p>\n\n\n\n<p><\/p>\n\n\n\n<p class=\"has-text-align-center has-large-font-size\"><strong>Unsere Ziele im \u00dcberblick<\/strong>:<\/p>\n\n\n\n<p><\/p>\n\n\n\n<p class=\"has-text-align-center has-large-font-size\"><strong>Wir machen uns STARK f\u00fcr Bockhorn\u2026<\/strong><\/p>\n\n\n\n<p class=\"has-medium-font-size\"><strong>Schulstandort weiter entwickeln<\/strong><\/p>\n\n\n\n<p class=\"has-medium-font-size\"><strong>Digitalisierung in den Schulen und in der Gemeinde ausbauen<\/strong><\/p>\n\n\n\n<p class=\"has-medium-font-size\"><strong>Leistungsf\u00e4higes Breitbandnetz in Bockhorn<\/strong><\/p>\n\n\n\n<p class=\"has-medium-font-size\"><strong>Leistungsf\u00e4hige Kindertagesst\u00e4tten f\u00fcr alle Kinder<\/strong><\/p>\n\n\n\n<p class=\"has-medium-font-size\"><strong>Spielplatzangebot altersgerecht erweitern<\/strong><\/p>\n\n\n\n<p class=\"has-medium-font-size\"><strong>Engagierte Jugendf\u00f6rderung<\/strong><\/p>\n\n\n\n<p class=\"has-medium-font-size\"><strong>Soziale und inklusive Gemeindeentwicklung<\/strong><\/p>\n\n\n\n<p class=\"has-medium-font-size\"><strong>Bockhorn als Wirtschaftsstandort weiter entwickeln<\/strong><\/p>\n\n\n\n<p class=\"has-medium-font-size\"><strong>Sicherung des kommunalen Finanzhaushalts<\/strong><\/p>\n\n\n\n<p class=\"has-medium-font-size\"><strong>Den Lebensraum Bockhorn nachhaltig und umweltfreundlich gestalten im Sinne von Klimaschutz<\/strong><\/p>\n\n\n\n<p class=\"has-medium-font-size\"><strong>\u00d6ffentl. Personennahverkehr weiter entwickeln<\/strong><\/p>\n\n\n\n<p class=\"has-medium-font-size\"><strong>Weiterer Ausbau eines attraktiven und sicheren Radwegenetzes<\/strong><\/p>\n\n\n\n<p class=\"has-medium-font-size\"><strong>Klimafreundliches Bauen in Bockhorn<\/strong><\/p>\n\n\n\n<p class=\"has-medium-font-size\"><strong>Bezahlbaren Wohnraum f\u00fcr alle schaffen<\/strong><\/p>\n\n\n\n<p class=\"has-medium-font-size\"><strong>Erholungsstandort Bockhorn st\u00e4rken<\/strong><\/p>\n\n\n\n<p class=\"has-medium-font-size\"><strong>Sport und Ehrenamt st\u00e4rken<\/strong><\/p>\n\n\n\n<p class=\"has-medium-font-size\"><strong>Mehr Outdoorsportangebote anregen<\/strong><\/p>\n\n\n\n<p class=\"has-text-align-center has-large-font-size\">\u2026<strong>machen Sie uns STARK f\u00fcr Bockhorn.<\/strong><\/p>\n\n\n\n<p style=\"font-size:1px\"><strong>UWG<\/strong><\/p>\n\n\n\n<p><\/p>\n\n\n\n<p><\/p>\n\n\n\n<p><\/p>\n\n\n\n<p><\/p>\n\n\n\n<p><\/p>\n\n\n\n<p><\/p>\n\n\n\n<p><\/p>\n\n\n\n<p><\/p>\n\n\n\n<p><\/p>\n\n\n\n<p><\/p>\n\n\n\n<p><\/p>\n\n\n\n<p><\/p>\n\n\n\n<p><\/p>\n\n\n\n<p><\/p>\n\n\n\n<p class=\"has-medium-font-size\"><\/p>\n\n\n\n<p><\/p>\n\n\n\n<p><\/p>\n\n\n\n<p><\/p>\n","protected":false},"excerpt":{"rendered":"<p>UWG Bockhorn Wir wollen mit unseren Ideen und Vorstellungen die Gemeinschaft aller B\u00fcrgerinnen und B\u00fcrger st\u00e4rken. Unser Angebot, mit Ihnen zusammen unsere Gemeinde als liebens- und lebenswertes Zentrum weiter zu entwickeln. Alles ist umspannt von unserem Motto, das uns seit f\u00fcnf Jahrzehnten verbindet: \u201eKeine Politik unter Ausschluss der \u00d6ffentlichkeit! Wir arbeiten f\u00fcr den Ort, nicht [&hellip;]<\/p>\n","protected":false},"author":2,"featured_media":0,"parent":0,"menu_order":0,"comment_status":"closed","ping_status":"closed","template":"","meta":[],"_links":{"self":[{"href":"https:\/\/www.uwg-bockhorn.de\/cms\/wp-json\/wp\/v2\/pages\/472"}],"collection":[{"href":"https:\/\/www.uwg-bockhorn.de\/cms\/wp-json\/wp\/v2\/pages"}],"about":[{"href":"https:\/\/www.uwg-bockhorn.de\/cms\/wp-json\/wp\/v2\/types\/page"}],"author":[{"embeddable":true,"href":"https:\/\/www.uwg-bockhorn.de\/cms\/wp-json\/wp\/v2\/users\/2"}],"replies":[{"embeddable":true,"href":"https:\/\/www.uwg-bockhorn.de\/cms\/wp-json\/wp\/v2\/comments?post=472"}],"version-history":[{"count":13,"href":"https:\/\/www.uwg-bockhorn.de\/cms\/wp-json\/wp\/v2\/pages\/472\/revisions"}],"predecessor-version":[{"id":592,"href":"https:\/\/www.uwg-bockhorn.de\/cms\/wp-json\/wp\/v2\/pages\/472\/revisions\/592"}],"wp:attachment":[{"href":"https:\/\/www.uwg-bockhorn.de\/cms\/wp-json\/wp\/v2\/media?parent=472"}],"curies":[{"name":"wp","href":"https:\/\/api.w.org\/{rel}","templated":true}]}}