{"id":449,"date":"2021-06-14T15:34:34","date_gmt":"2021-06-14T13:34:34","guid":{"rendered":"http:\/\/www.uwg-bockhorn.de\/cms\/?page_id=449"},"modified":"2021-06-15T16:49:29","modified_gmt":"2021-06-15T14:49:29","slug":"das-ist-die-uwg-bockhorn","status":"publish","type":"page","link":"https:\/\/www.uwg-bockhorn.de\/cms\/das-ist-die-uwg-bockhorn","title":{"rendered":"Das ist die UWG Bockhorn"},"content":{"rendered":"\n<div class=\"wp-block-group\"><div class=\"wp-block-group__inner-container is-layout-flow\">\n<div class=\"wp-block-columns is-layout-flex wp-container-2\">\n<div class=\"wp-block-column is-layout-flow\" style=\"flex-basis:100%\">\n<h3 class=\"has-medium-font-size wp-block-heading\"><strong>Die UWG ist ein Zusammenschluss von unabh\u00e4ngigen Personen, die im Rat der Gemeinde Bockhorn und in den Aussch\u00fcssen eine konstruktive Ratsarbeit zum Wohle der B\u00fcrger leistet.<\/strong><\/h3>\n\n\n\n<p><\/p>\n\n\n\n<p class=\"has-medium-font-size\"><strong>Wir hinterfragen kritisch die Politik der Ratsmehrheit<\/strong> <strong>und die Arbeit der Verwaltung.<\/strong><\/p>\n\n\n\n<p class=\"has-medium-font-size\"><strong>Das gedeihliche Miteinander,<\/strong> <strong>nicht das Gegeneinander,<\/strong> <strong>liegt uns bei unserer Ratst\u00e4tigkeit am Herzen.<\/strong><\/p>\n<\/div>\n<\/div>\n<\/div><\/div>\n\n\n\n<h3 class=\"wp-block-heading\"><\/h3>\n\n\n\n<h3 class=\"wp-block-heading\"><\/h3>\n\n\n\n<p><\/p>\n","protected":false},"excerpt":{"rendered":"<p>Die UWG ist ein Zusammenschluss von unabh\u00e4ngigen Personen, die im Rat der Gemeinde Bockhorn und in den Aussch\u00fcssen eine konstruktive Ratsarbeit zum Wohle der B\u00fcrger leistet. Wir hinterfragen kritisch die Politik der Ratsmehrheit und die Arbeit der Verwaltung. Das gedeihliche Miteinander, nicht das Gegeneinander, liegt uns bei unserer Ratst\u00e4tigkeit am Herzen.<\/p>\n","protected":false},"author":2,"featured_media":0,"parent":0,"menu_order":0,"comment_status":"closed","ping_status":"closed","template":"","meta":[],"_links":{"self":[{"href":"https:\/\/www.uwg-bockhorn.de\/cms\/wp-json\/wp\/v2\/pages\/449"}],"collection":[{"href":"https:\/\/www.uwg-bockhorn.de\/cms\/wp-json\/wp\/v2\/pages"}],"about":[{"href":"https:\/\/www.uwg-bockhorn.de\/cms\/wp-json\/wp\/v2\/types\/page"}],"author":[{"embeddable":true,"href":"https:\/\/www.uwg-bockhorn.de\/cms\/wp-json\/wp\/v2\/users\/2"}],"replies":[{"embeddable":true,"href":"https:\/\/www.uwg-bockhorn.de\/cms\/wp-json\/wp\/v2\/comments?post=449"}],"version-history":[{"count":7,"href":"https:\/\/www.uwg-bockhorn.de\/cms\/wp-json\/wp\/v2\/pages\/449\/revisions"}],"predecessor-version":[{"id":481,"href":"https:\/\/www.uwg-bockhorn.de\/cms\/wp-json\/wp\/v2\/pages\/449\/revisions\/481"}],"wp:attachment":[{"href":"https:\/\/www.uwg-bockhorn.de\/cms\/wp-json\/wp\/v2\/media?parent=449"}],"curies":[{"name":"wp","href":"https:\/\/api.w.org\/{rel}","templated":true}]}}