{"id":2,"date":"2021-07-14T07:00:00","date_gmt":"2021-07-14T05:00:00","guid":{"rendered":"http:\/\/www.uwg-bockhorn.de\/cms\/?page_id=2"},"modified":"2023-03-10T11:27:38","modified_gmt":"2023-03-10T09:27:38","slug":"eine-seite","status":"publish","type":"page","link":"https:\/\/www.uwg-bockhorn.de\/cms\/","title":{"rendered":"Startseite"},"content":{"rendered":"\n<p class=\"has-medium-font-size\">Liebe Bockhornerinnen und Bockhorner,<\/p>\n\n\n\n<p class=\"has-medium-font-size\">willkommen auf der Internetseite der UWG Bockhorn.<\/p>\n\n\n\n<p class=\"has-medium-font-size\">Wir pflegen seit Jahren den Kontakt zu unseren B\u00fcrgerinnen und B\u00fcrgern. Mit Ihren Ideen, aber auch mit Ihrer Kritik, helfen Sie uns dabei, erfolgreiche und politische Arbeit leisten zu k\u00f6nnen &#8211; zum Wohle der B\u00fcrgerinnen und B\u00fcrger der Gemeinde Bockhorn.<\/p>\n\n\n\n<p class=\"has-medium-font-size\">Bockhorn ist eine Gemeinde, in der es sich gut Leben l\u00e4sst und so soll es auch bleiben. Die Gemeinde weiter nach vorne zu bringen, ist das wichtigste Ziel f\u00fcr die Zukunft.<\/p>\n\n\n\n<p class=\"has-medium-font-size\">Arbeiten Sie mit uns zusammen an der Zukunft unserer Gemeinde Bockhorn.<\/p>\n\n\n\n<p class=\"has-medium-font-size\">Wenn Sie Interesse an einer Mitarbeit in der UWG haben, rufen Sie uns einfach unter 04453\/71763 an. Gerne k\u00f6nnen Sie auch einfach \u00fcber das <strong><a title=\"Kontakt\" href=\"https:\/\/www.uwg-bockhorn.de\/cms\/kontakt\" target=\"_blank\" rel=\"noopener\">Kontaktformular<\/a><\/strong> den Kontakt zu uns aufnehmen.<\/p>\n\n\n\n<p class=\"has-medium-font-size\">Olaf Nack<\/p>\n\n\n\n<p class=\"has-medium-font-size\">1. Vorsitzender<\/p>\n\n\n\n<p><strong class=\"alignnone size-thumbnail wp-image-275\" title=\"OLYMPUS DIGITAL CAMERA\">&nbsp;<\/strong><\/p>\n\n\n\n<p><strong><br><a href=\"https:\/\/www.uwg-bockhorn.de\/cms\/wp-content\/uploads\/2011\/01\/P5152077_neu.jpg\"><br><\/a> <\/strong><\/p>\n","protected":false},"excerpt":{"rendered":"<p>Liebe Bockhornerinnen und Bockhorner, willkommen auf der Internetseite der UWG Bockhorn. Wir pflegen seit Jahren den Kontakt zu unseren B\u00fcrgerinnen und B\u00fcrgern. Mit Ihren Ideen, aber auch mit Ihrer Kritik, helfen Sie uns dabei, erfolgreiche und politische Arbeit leisten zu k\u00f6nnen &#8211; zum Wohle der B\u00fcrgerinnen und B\u00fcrger der Gemeinde Bockhorn. Bockhorn ist eine Gemeinde, [&hellip;]<\/p>\n","protected":false},"author":2,"featured_media":0,"parent":0,"menu_order":1,"comment_status":"open","ping_status":"closed","template":"","meta":[],"_links":{"self":[{"href":"https:\/\/www.uwg-bockhorn.de\/cms\/wp-json\/wp\/v2\/pages\/2"}],"collection":[{"href":"https:\/\/www.uwg-bockhorn.de\/cms\/wp-json\/wp\/v2\/pages"}],"about":[{"href":"https:\/\/www.uwg-bockhorn.de\/cms\/wp-json\/wp\/v2\/types\/page"}],"author":[{"embeddable":true,"href":"https:\/\/www.uwg-bockhorn.de\/cms\/wp-json\/wp\/v2\/users\/2"}],"replies":[{"embeddable":true,"href":"https:\/\/www.uwg-bockhorn.de\/cms\/wp-json\/wp\/v2\/comments?post=2"}],"version-history":[{"count":42,"href":"https:\/\/www.uwg-bockhorn.de\/cms\/wp-json\/wp\/v2\/pages\/2\/revisions"}],"predecessor-version":[{"id":522,"href":"https:\/\/www.uwg-bockhorn.de\/cms\/wp-json\/wp\/v2\/pages\/2\/revisions\/522"}],"wp:attachment":[{"href":"https:\/\/www.uwg-bockhorn.de\/cms\/wp-json\/wp\/v2\/media?parent=2"}],"curies":[{"name":"wp","href":"https:\/\/api.w.org\/{rel}","templated":true}]}}