{"id":16,"date":"2011-01-20T09:26:59","date_gmt":"2011-01-20T09:26:59","guid":{"rendered":"http:\/\/www.uwg-bockhorn.de\/cms\/"},"modified":"2011-01-24T17:49:18","modified_gmt":"2011-01-24T17:49:18","slug":"praambel","status":"publish","type":"page","link":"https:\/\/www.uwg-bockhorn.de\/cms\/uber-uns\/praambel","title":{"rendered":"Pr\u00e4ambel"},"content":{"rendered":"<p>Unabh\u00e4ngige W\u00e4hlergemeinschaft der Gemeinde Bockhorn &#8211; UWG<\/p>\n<p>Die Grunds\u00e4tze der UWG lassen sich wie folgt zusammenfassen:<\/p>\n<p>Unabh\u00e4ngigkeit \u2013 Wahrhaftigkeit &#8211; Gerechtigkeit<\/p>\n<p>Das Grundgesetz der Bundesrepublik Deutschland, als eine der besten Verfassungen anerkannt, ist unbedingt zu respektieren.<\/p>\n<p>Das Selbstverwaltungsrecht der Gemeinde muss in st\u00e4rkerem Ma\u00dfe anerkannt und darf nicht ausgeh\u00f6hlt werden.<\/p>\n<p>Die UWG-Vertreter werden durch ihre Unabh\u00e4ngigkeit von Positionsbindungen eine sachliche Ratsdebatte \u00fcber Vorlagen erzwingen und nur fachlich fundierten Ausf\u00fchrungen gegebenenfalls zustimmen.<\/p>\n<p>Die Ratsherren der UWG werden eine Fraktion bilden und gemeinsam die jeweils anstehenden Probleme beraten.<\/p>\n<p>Mehrheitsentscheidungen innerhalb der Fraktion d\u00fcrfen die Minderheit, selbst auch einzelne Ratsherren, nicht binden, sondern es muss die pers\u00f6nliche Gewissensentscheidung fair geachtet werden.<\/p>\n<p>Wer trotz der selbstverst\u00e4ndlich zugebilligten jeweiligen Gewissensentscheidung glaubt, insgesamt nicht mehr im Rahmen der politischen Gemeinschaft, f\u00fcr die er gew\u00e4hlt wurde, mitwirken zu k\u00f6nnen, der hat nur noch die Entscheidungsm\u00f6glichkeit, sein Mandat niederzulegen.<\/p>\n<p>Die Vertreter der UWG werden sich bem\u00fchen, bei allen anstehenden Entscheidungen der Beachtung der realen M\u00f6glichkeiten den Vorrang vor parteipolitischen Gesichtspunkten zu verschaffen.<\/p>\n<p>Mit der Vertretung der genannten Grunds\u00e4tze und der Bereitschaft zur sachlich toleranten Mitarbeit hofft die UWG, der Bev\u00f6lkerung der Gemeinde Bockhorn und des Kreises gut zu dienen.<\/p>\n","protected":false},"excerpt":{"rendered":"<p>Unabh\u00e4ngige W\u00e4hlergemeinschaft der Gemeinde Bockhorn &#8211; UWG Die Grunds\u00e4tze der UWG lassen sich wie folgt zusammenfassen: Unabh\u00e4ngigkeit \u2013 Wahrhaftigkeit &#8211; Gerechtigkeit Das Grundgesetz der Bundesrepublik Deutschland, als eine der besten Verfassungen anerkannt, ist unbedingt zu respektieren. Das Selbstverwaltungsrecht der Gemeinde muss in st\u00e4rkerem Ma\u00dfe anerkannt und darf nicht ausgeh\u00f6hlt werden. Die UWG-Vertreter werden durch ihre [&hellip;]<\/p>\n","protected":false},"author":2,"featured_media":0,"parent":9,"menu_order":0,"comment_status":"open","ping_status":"open","template":"","meta":[],"_links":{"self":[{"href":"https:\/\/www.uwg-bockhorn.de\/cms\/wp-json\/wp\/v2\/pages\/16"}],"collection":[{"href":"https:\/\/www.uwg-bockhorn.de\/cms\/wp-json\/wp\/v2\/pages"}],"about":[{"href":"https:\/\/www.uwg-bockhorn.de\/cms\/wp-json\/wp\/v2\/types\/page"}],"author":[{"embeddable":true,"href":"https:\/\/www.uwg-bockhorn.de\/cms\/wp-json\/wp\/v2\/users\/2"}],"replies":[{"embeddable":true,"href":"https:\/\/www.uwg-bockhorn.de\/cms\/wp-json\/wp\/v2\/comments?post=16"}],"version-history":[{"count":2,"href":"https:\/\/www.uwg-bockhorn.de\/cms\/wp-json\/wp\/v2\/pages\/16\/revisions"}],"predecessor-version":[{"id":45,"href":"https:\/\/www.uwg-bockhorn.de\/cms\/wp-json\/wp\/v2\/pages\/16\/revisions\/45"}],"up":[{"embeddable":true,"href":"https:\/\/www.uwg-bockhorn.de\/cms\/wp-json\/wp\/v2\/pages\/9"}],"wp:attachment":[{"href":"https:\/\/www.uwg-bockhorn.de\/cms\/wp-json\/wp\/v2\/media?parent=16"}],"curies":[{"name":"wp","href":"https:\/\/api.w.org\/{rel}","templated":true}]}}