{"id":100,"date":"2011-04-08T10:26:23","date_gmt":"2011-04-08T10:26:23","guid":{"rendered":"http:\/\/www.uwg-bockhorn.de\/cms"},"modified":"2016-04-17T18:27:56","modified_gmt":"2016-04-17T16:27:56","slug":"beitrittserklarung","status":"publish","type":"page","link":"https:\/\/www.uwg-bockhorn.de\/cms\/uber-uns\/beitrittserklarung","title":{"rendered":"Beitrittserkl\u00e4rung"},"content":{"rendered":"<p>Nach Kenntnisnahme von <a title=\"Satzung\" href=\"https:\/\/www.uwg-bockhorn.de\/cms\/uber-uns\/satzung\" target=\"_blank\">Satzung<\/a> und <a title=\"Programm\" href=\"https:\/\/www.uwg-bockhorn.de\/cms\/uber-uns\/programm\" target=\"_blank\">Programm<\/a> der Unabh\u00e4ngigen W\u00e4hlergemeinschaft (UWG) Bockhorn melde ich mich hiermit als Mitglied an f\u00fcr die<\/p>\n<p><strong> Unabh\u00e4ngige W\u00e4hlergemeinschaft<\/strong><\/p>\n<p>(Gemeinde Bockhorn, Landkreis Friesland).<\/p>\n\n<div class=\"wpcf7 no-js\" id=\"wpcf7-f425-o1\" lang=\"en-US\" dir=\"ltr\">\n<div class=\"screen-reader-response\"><p role=\"status\" aria-live=\"polite\" aria-atomic=\"true\"><\/p> <ul><\/ul><\/div>\n<form action=\"\/cms\/wp-json\/wp\/v2\/pages\/100#wpcf7-f425-o1\" method=\"post\" class=\"wpcf7-form init\" aria-label=\"Contact form\" novalidate=\"novalidate\" data-status=\"init\">\n<div style=\"display: none;\">\n<input type=\"hidden\" name=\"_wpcf7\" value=\"425\" \/>\n<input type=\"hidden\" name=\"_wpcf7_version\" value=\"5.7.7\" \/>\n<input type=\"hidden\" name=\"_wpcf7_locale\" value=\"en_US\" \/>\n<input type=\"hidden\" name=\"_wpcf7_unit_tag\" value=\"wpcf7-f425-o1\" \/>\n<input type=\"hidden\" name=\"_wpcf7_container_post\" value=\"0\" \/>\n<input type=\"hidden\" name=\"_wpcf7_posted_data_hash\" value=\"\" \/>\n<\/div>\n<p>Anrede\n<\/p>\n<p><span class=\"wpcf7-form-control-wrap\" data-name=\"anrede\"><select class=\"wpcf7-form-control wpcf7-select wpcf7-validates-as-required\" aria-required=\"true\" aria-invalid=\"false\" name=\"anrede\"><option value=\"Herr\">Herr<\/option><option value=\"Frau\">Frau<\/option><\/select><\/span>\n<\/p>\n<p>Vor- und Nachname\n<\/p>\n<p><span class=\"wpcf7-form-control-wrap\" data-name=\"your-name\"><input size=\"40\" class=\"wpcf7-form-control wpcf7-text wpcf7-validates-as-required\" aria-required=\"true\" aria-invalid=\"false\" value=\"\" type=\"text\" name=\"your-name\" \/><\/span>\n<\/p>\n<p>Beruf\n<\/p>\n<p><span class=\"wpcf7-form-control-wrap\" data-name=\"beruf\"><input size=\"40\" class=\"wpcf7-form-control wpcf7-text wpcf7-validates-as-required\" aria-required=\"true\" aria-invalid=\"false\" value=\"\" type=\"text\" name=\"beruf\" \/><\/span>\n<\/p>\n<p>Geburtsdatum\n<\/p>\n<p><span class=\"wpcf7-form-control-wrap\" data-name=\"geburtsdatum\"><input size=\"40\" class=\"wpcf7-form-control wpcf7-text wpcf7-validates-as-required\" aria-required=\"true\" aria-invalid=\"false\" value=\"\" type=\"text\" name=\"geburtsdatum\" \/><\/span>\n<\/p>\n<p>Geburtsort\n<\/p>\n<p><span class=\"wpcf7-form-control-wrap\" data-name=\"geburtsort\"><input size=\"40\" class=\"wpcf7-form-control wpcf7-text wpcf7-validates-as-required\" aria-required=\"true\" aria-invalid=\"false\" value=\"\" type=\"text\" name=\"geburtsort\" \/><\/span>\n<\/p>\n<p>Stra\u00dfe und Hausnummer\n<\/p>\n<p><span class=\"wpcf7-form-control-wrap\" data-name=\"strasse\"><input size=\"40\" class=\"wpcf7-form-control wpcf7-text wpcf7-validates-as-required\" aria-required=\"true\" aria-invalid=\"false\" value=\"\" type=\"text\" name=\"strasse\" \/><\/span>\n<\/p>\n<p>Postleitzahl und Ort\n<\/p>\n<p><span class=\"wpcf7-form-control-wrap\" data-name=\"plzort\"><input size=\"40\" class=\"wpcf7-form-control wpcf7-text wpcf7-validates-as-required\" aria-required=\"true\" aria-invalid=\"false\" value=\"\" type=\"text\" name=\"plzort\" \/><\/span>\n<\/p>\n<p>Ihre Email\n<\/p>\n<p><span class=\"wpcf7-form-control-wrap\" data-name=\"your-email\"><input size=\"40\" class=\"wpcf7-form-control wpcf7-text wpcf7-email wpcf7-validates-as-email\" aria-invalid=\"false\" value=\"\" type=\"email\" name=\"your-email\" \/><\/span>\n<\/p>\n<p>Die Abbuchung des Jahresbeitrages erfolgt von:\n<\/p>\n<p>Bankinstitut\n<\/p>\n<p><span class=\"wpcf7-form-control-wrap\" data-name=\"bank\"><input size=\"40\" class=\"wpcf7-form-control wpcf7-text wpcf7-validates-as-required\" aria-required=\"true\" aria-invalid=\"false\" value=\"\" type=\"text\" name=\"bank\" \/><\/span>\n<\/p>\n<p>BLZ\n<\/p>\n<p><span class=\"wpcf7-form-control-wrap\" data-name=\"blz\"><input size=\"40\" class=\"wpcf7-form-control wpcf7-text wpcf7-validates-as-required\" aria-required=\"true\" aria-invalid=\"false\" value=\"\" type=\"text\" name=\"blz\" \/><\/span>\n<\/p>\n<p>Konto\n<\/p>\n<p><span class=\"wpcf7-form-control-wrap\" data-name=\"konto\"><input size=\"40\" class=\"wpcf7-form-control wpcf7-text wpcf7-validates-as-required\" aria-required=\"true\" aria-invalid=\"false\" value=\"\" type=\"text\" name=\"konto\" \/><\/span>\n<\/p>\n<p><span class=\"wpcf7-form-control-wrap\" data-name=\"Abbuchung\"><span class=\"wpcf7-form-control wpcf7-acceptance\"><span class=\"wpcf7-list-item\"><input type=\"checkbox\" name=\"Abbuchung\" value=\"1\" aria-invalid=\"false\" \/><\/span><\/span><\/span> Ich erteile der UWG Bockhorn die Genehmigung, den j\u00e4hrlichen Mitgliedsbeitrag von meinem o.g. Konto abzubuchen\n<\/p>\n<p><span class=\"wpcf7-form-control-wrap\" data-name=\"daten\"><span class=\"wpcf7-form-control wpcf7-acceptance\"><span class=\"wpcf7-list-item\"><input type=\"checkbox\" name=\"daten\" value=\"1\" aria-invalid=\"false\" \/><\/span><\/span><\/span> Ich best\u00e4tige, dass ich alle Angaben nach meinem besten Wissen get\u00e4tigt habe und meine Daten zur Weiterverarbeitung innerhalb der UWG Bockhorn freigebe.\n<\/p>\n<p><input class=\"wpcf7-form-control has-spinner wpcf7-submit\" type=\"submit\" value=\"Senden\" \/>\n<\/p><div class=\"wpcf7-response-output\" aria-hidden=\"true\"><\/div>\n<\/form>\n<\/div>\n\n","protected":false},"excerpt":{"rendered":"<p>Nach Kenntnisnahme von Satzung und Programm der Unabh\u00e4ngigen W\u00e4hlergemeinschaft (UWG) Bockhorn melde ich mich hiermit als Mitglied an f\u00fcr die Unabh\u00e4ngige W\u00e4hlergemeinschaft (Gemeinde Bockhorn, Landkreis Friesland).<\/p>\n","protected":false},"author":2,"featured_media":0,"parent":9,"menu_order":10,"comment_status":"open","ping_status":"open","template":"","meta":[],"_links":{"self":[{"href":"https:\/\/www.uwg-bockhorn.de\/cms\/wp-json\/wp\/v2\/pages\/100"}],"collection":[{"href":"https:\/\/www.uwg-bockhorn.de\/cms\/wp-json\/wp\/v2\/pages"}],"about":[{"href":"https:\/\/www.uwg-bockhorn.de\/cms\/wp-json\/wp\/v2\/types\/page"}],"author":[{"embeddable":true,"href":"https:\/\/www.uwg-bockhorn.de\/cms\/wp-json\/wp\/v2\/users\/2"}],"replies":[{"embeddable":true,"href":"https:\/\/www.uwg-bockhorn.de\/cms\/wp-json\/wp\/v2\/comments?post=100"}],"version-history":[{"count":7,"href":"https:\/\/www.uwg-bockhorn.de\/cms\/wp-json\/wp\/v2\/pages\/100\/revisions"}],"predecessor-version":[{"id":358,"href":"https:\/\/www.uwg-bockhorn.de\/cms\/wp-json\/wp\/v2\/pages\/100\/revisions\/358"}],"up":[{"embeddable":true,"href":"https:\/\/www.uwg-bockhorn.de\/cms\/wp-json\/wp\/v2\/pages\/9"}],"wp:attachment":[{"href":"https:\/\/www.uwg-bockhorn.de\/cms\/wp-json\/wp\/v2\/media?parent=100"}],"curies":[{"name":"wp","href":"https:\/\/api.w.org\/{rel}","templated":true}]}}